{"id":827,"date":"2020-09-24T21:27:22","date_gmt":"2020-09-24T19:27:22","guid":{"rendered":"http:\/\/7demates.epsem.upc.edu\/?page_id=827"},"modified":"2025-10-06T17:47:08","modified_gmt":"2025-10-06T17:47:08","slug":"anem-x-matematiques","status":"publish","type":"page","link":"https:\/\/7demates.upc.edu\/index.php\/anem-x-matematiques\/","title":{"rendered":"Anem x + mates"},"content":{"rendered":"<p><strong><span style=\"color: #ff0000;\">Tallers Anem x + matem\u00e0tiques<\/span><\/strong><\/p>\n<p>El projecte <a href=\"https:\/\/feemcat.org\/anem-x-matematiques\/\">Anemx+Matem\u00e0tiques<\/a> consisteix en uns Tallers adre\u00e7ats a l\u2019alumnat de 4t d\u2019ESO amb una certa destresa i gust per les matem\u00e0tiques, que vol anar m\u00e9s enll\u00e0 del que els ofereix l\u2019ensenyament reglat. Est\u00e0 organitzat per la Feemcat, amb el suport econ\u00f2mic del Departament d\u2019Educaci\u00f3 i Formaci\u00f3 Professional. La participaci\u00f3 en aquesta activitat no implica cap cost per a l\u2019alumnat.<\/p>\n<p>A trav\u00e9s de les seves associacions n&#8217;impulsen grups a diversos punts de Catalunya, m\u00e9s concretament:\u00a0 ABEAM a Barcelona i Manresa, ADEMGI\u00a0 a Girona, APaMMs al Maresme, Lleimat a Lleida, i APMCM a Reus i Tortosa. Les inscripcions s\u2019obren durant el mes de setembre i les sessions van d\u2019octubre a maig segons l\u2019associaci\u00f3.<\/p>\n<p>La preinscripci\u00f3 s&#8217;ha de realitzar a trav\u00e9s del professorat dels centres escolars, via formulari, tenint en compte en quina seu es vol participar. Les places s\u00f3n limitades, per la qual cosa el professorat ordena les sol\u00b7licituds i es prioritza que hi puguin participar nois i noies del m\u00e0xim de centres possibles.<\/p>\n<h5>Sessions a Manresa<\/h5>\n<p>A Manresa els tallers es realitzen des del 2016, organitzats\u00a0 per l&#8217;equip 7deMATES, a l&#8217;Escola Polit\u00e8cnica Superior d&#8217;Enginyeria de Manresa de la UPC.<\/p>\n<p>Els tallers a Manresa es desenvolupen en sessions matinals els dissabtes, per afavorir la participaci\u00f3 dels nois i noies de les comarques del voltant. L&#8217;horari en general \u00e9s de\u00a0 9:30 a 12:30, en un grup d&#8217;entre 25-35 joves. Comproveu el calendari i la informaci\u00f3 actualitzada per cada curs.<\/p>\n<p>Professor responsable: Cristian Reyes: <a href=\"mailto:anemxmesmates.manresa@gmail.com\" target=\"_blank\" rel=\"noreferrer noopener\">anemxmesmates.manresa@gmail.com<\/a><\/p>\n<h4>EDICI\u00d3 ACTUAL<\/h4>\n<h5>Curs 2025-2026<\/h5>\n<p>Inscripcions obertes del 22 de setembre fins al 13 d\u2019octubre.<br \/>\nInscripci\u00f3 <u>Tallers a Manresa<\/u>:\u00a0<a href=\"https:\/\/forms.gle\/Rnh7GuKMKhJko81v9\" target=\"_blank\" rel=\"noreferrer noopener\">https:\/\/forms.gle\/Rnh7GuKMKhJko81v9<\/a><\/p>\n<p><strong>Calendari sessions<\/strong><\/p>\n<p>8 novembre, 22 novembre, 13 desembre, 17 gener, 7 febrer, 28 febrer, 21 mar\u00e7, 25 abril.<\/p>\n<p>Podeu consultar la informaci\u00f3 general d&#8217;aquest curs a <a href=\"https:\/\/feemcat.org\/inscripcions-anem-x-matematiques-25-26\/\">https:\/\/feemcat.org\/inscripcions-anem-x-matematiques-25-26\/<\/a><\/p>\n","protected":false},"excerpt":{"rendered":"<p>Tallers Anem x + matem\u00e0tiques El projecte Anemx+Matem\u00e0tiques consisteix en uns Tallers adre\u00e7ats a l\u2019alumnat de 4t d\u2019ESO amb una<\/p>\n","protected":false},"author":1,"featured_media":0,"parent":0,"menu_order":0,"comment_status":"closed","ping_status":"closed","template":"","meta":{"footnotes":""},"class_list":["post-827","page","type-page","status-publish","hentry","comments-off"],"_links":{"self":[{"href":"https:\/\/7demates.upc.edu\/index.php\/wp-json\/wp\/v2\/pages\/827","targetHints":{"allow":["GET"]}}],"collection":[{"href":"https:\/\/7demates.upc.edu\/index.php\/wp-json\/wp\/v2\/pages"}],"about":[{"href":"https:\/\/7demates.upc.edu\/index.php\/wp-json\/wp\/v2\/types\/page"}],"author":[{"embeddable":true,"href":"https:\/\/7demates.upc.edu\/index.php\/wp-json\/wp\/v2\/users\/1"}],"replies":[{"embeddable":true,"href":"https:\/\/7demates.upc.edu\/index.php\/wp-json\/wp\/v2\/comments?post=827"}],"version-history":[{"count":3,"href":"https:\/\/7demates.upc.edu\/index.php\/wp-json\/wp\/v2\/pages\/827\/revisions"}],"predecessor-version":[{"id":1760,"href":"https:\/\/7demates.upc.edu\/index.php\/wp-json\/wp\/v2\/pages\/827\/revisions\/1760"}],"wp:attachment":[{"href":"https:\/\/7demates.upc.edu\/index.php\/wp-json\/wp\/v2\/media?parent=827"}],"curies":[{"name":"wp","href":"https:\/\/api.w.org\/{rel}","templated":true}]}}